{"id":1023,"date":"2022-10-07T22:35:02","date_gmt":"2022-10-07T20:35:02","guid":{"rendered":"https:\/\/omusica.fr\/?page_id=1023"},"modified":"2026-04-16T17:11:39","modified_gmt":"2026-04-16T15:11:39","slug":"nous-soutenir","status":"publish","type":"page","link":"https:\/\/omusica.fr\/?page_id=1023","title":{"rendered":"Nous soutenir"},"content":{"rendered":"<div data-colibri-id=\"1023-c1\" class=\"style-1051 style-local-1023-c1 position-relative\">\n  <!---->\n  <div data-colibri-component=\"section\" data-colibri-id=\"1023-c2\" id=\"custom\" class=\"h-section h-section-global-spacing d-flex align-items-lg-center align-items-md-center align-items-center style-1057 style-local-1023-c2 position-relative\">\n    <!---->\n    <!---->\n    <div class=\"h-section-grid-container h-section-boxed-container\">\n      <!---->\n      <div data-colibri-id=\"1023-c3\" class=\"h-row-container gutters-row-lg-0 gutters-row-md-0 gutters-row-0 gutters-row-v-lg-0 gutters-row-v-md-0 gutters-row-v-0 style-1072 style-local-1023-c3 position-relative\">\n        <!---->\n        <div class=\"h-row justify-content-lg-center justify-content-md-center justify-content-center align-items-lg-stretch align-items-md-stretch align-items-stretch gutters-col-lg-0 gutters-col-md-0 gutters-col-0 gutters-col-v-lg-0 gutters-col-v-md-0 gutters-col-v-0\">\n          <!---->\n          <div class=\"h-column h-column-container d-flex h-col-lg-auto h-col-md-auto h-col-auto style-1073-outer style-local-1023-c4-outer\">\n            <div data-colibri-id=\"1023-c4\" class=\"d-flex h-flex-basis h-column__inner h-px-lg-2 h-px-md-2 h-px-2 v-inner-lg-2 v-inner-md-2 v-inner-2 style-1073 style-local-1023-c4 position-relative\">\n              <!---->\n              <!---->\n              <div class=\"w-100 h-y-container h-column__content h-column__v-align flex-basis-100 align-self-lg-start align-self-md-start align-self-start\">\n                <!---->\n                <div data-colibri-id=\"1023-c5\" class=\"h-global-transition-all h-heading style-1074 style-local-1023-c5 position-relative h-element\">\n                  <!---->\n                  <div class=\"h-heading__outer style-1074 style-local-1023-c5\">\n                    <!---->\n                    <!---->\n                    <h1 class=\"\"><strong>Nous soutenir<\/strong><\/h1>\n                  <\/div>\n                <\/div>\n              <\/div>\n            <\/div>\n          <\/div>\n        <\/div>\n      <\/div>\n      <div data-colibri-id=\"1023-c6\" class=\"h-row-container gutters-row-lg-2 gutters-row-md-2 gutters-row-0 gutters-row-v-lg-2 gutters-row-v-md-2 gutters-row-v-2 style-1078 style-local-1023-c6 position-relative\">\n        <!---->\n        <div class=\"h-row justify-content-lg-center justify-content-md-center justify-content-center align-items-lg-stretch align-items-md-stretch align-items-stretch gutters-col-lg-2 gutters-col-md-2 gutters-col-0 gutters-col-v-lg-2 gutters-col-v-md-2 gutters-col-v-2\">\n          <!---->\n          <div class=\"h-column h-column-container d-flex h-col-lg-auto h-col-md-auto h-col-auto style-1079-outer style-local-1023-c7-outer\">\n            <div data-colibri-id=\"1023-c7\" class=\"d-flex h-flex-basis h-column__inner h-px-lg-0 h-px-md-0 h-px-0 v-inner-lg-0 v-inner-md-0 v-inner-0 style-1079 style-local-1023-c7 position-relative\">\n              <!---->\n              <!---->\n              <div class=\"w-100 h-y-container h-column__content h-column__v-align flex-basis-100 align-self-lg-start align-self-md-start align-self-start\">\n                <!---->\n                <div data-colibri-id=\"1023-c8\" class=\"h-text h-text-component style-1080 style-local-1023-c8 position-relative h-element\">\n                  <!---->\n                  <!---->\n                  <div class=\"\">\n                    <p>L\u2019association O Musica est reconnue organisme d&#8217;int\u00e9r\u00eat g\u00e9n\u00e9ral. A ce titre, elle est habilit\u00e9e \u00e0 recevoir des dons de particulier ou d\u2019entreprise, donnant droit \u00e0 une d\u00e9duction fiscale.<span style=\"font-weight: 400; color: rgb(23, 37, 42); font-family: &quot;Open Sans&quot;; font-size: 16px;\">&nbsp;<\/span><\/p>\n                    <p>Votre investissement nous permettra de r\u00e9aliser nos projets et de multiplier nos prestations et votre g\u00e9n\u00e9rosit\u00e9 nous encourage \u00e0 toujours \u00eatre \u00e0 la recherche d\u2019une qualit\u00e9 musicale \u00e0 la hauteur de vos attentes.<\/p>\n                    <p>Vous pouvez nous aider de diff\u00e9rentes fa\u00e7ons : en faisant un don (voir ci-dessous),&nbsp;en adh\u00e9rant \u00e0 l&#8217;association O Musica, en devenant m\u00e9c\u00e8ne d&#8217;O Musica et bien s\u00fbr en parlant de nous autour de vous. Nous vous en remerciant chaleureusement\n                      d&#8217;avance.<\/p>\n                  <\/div>\n                <\/div>\n              <\/div>\n            <\/div>\n          <\/div>\n        <\/div>\n      <\/div>\n    <\/div>\n  <\/div>\n  <div data-colibri-component=\"section\" data-colibri-id=\"1023-c9\" id=\"custom-2\" class=\"h-section h-section-global-spacing d-flex align-items-lg-center align-items-md-center align-items-center style-1090 style-local-1023-c9 position-relative\">\n    <!---->\n    <!---->\n    <div class=\"h-section-grid-container h-section-boxed-container\">\n      <!---->\n      <div data-colibri-id=\"1023-c10\" class=\"h-row-container gutters-row-lg-2 gutters-row-md-2 gutters-row-0 gutters-row-v-lg-2 gutters-row-v-md-2 gutters-row-v-2 style-1534 style-local-1023-c10 position-relative\">\n        <!---->\n        <div class=\"h-row justify-content-lg-center justify-content-md-center justify-content-center align-items-lg-stretch align-items-md-stretch align-items-stretch gutters-col-lg-2 gutters-col-md-2 gutters-col-0 gutters-col-v-lg-2 gutters-col-v-md-2 gutters-col-v-2\">\n          <!---->\n          <div class=\"h-column h-column-container d-flex h-col-lg-auto h-col-md-auto h-col-auto style-1535-outer style-local-1023-c11-outer\">\n            <div data-colibri-id=\"1023-c11\" class=\"d-flex h-flex-basis h-column__inner h-px-lg-2 h-px-md-2 h-px-2 v-inner-lg-2 v-inner-md-2 v-inner-2 style-1535 style-local-1023-c11 position-relative\">\n              <!---->\n              <!---->\n              <div class=\"w-100 h-y-container h-column__content h-column__v-align flex-basis-100 align-self-lg-start align-self-md-start align-self-start\">\n                <!---->\n                <div data-colibri-id=\"1023-c12\" class=\"d-block style-1536 style-local-1023-c12 position-relative h-element\">\n                  <!---->\n                  <div class=\"h-image__frame-container-outer\">\n                    <div class=\"h-image__frame-container\">\n                      <!---->\n                      <!---->\n                      <img loading=\"lazy\" decoding=\"async\" width=\"1500\" height=\"500\" src=\"https:\/\/omusica.fr\/wp-content\/uploads\/2022\/10\/Banniere-O-Musica.jpg\" class=\"wp-image-1504 style-1536-image style-local-1023-c12-image\" alt=\"Banni\u00e8re O Musica\" srcset=\"https:\/\/omusica.fr\/wp-content\/uploads\/2022\/10\/Banniere-O-Musica.jpg 1500w, https:\/\/omusica.fr\/wp-content\/uploads\/2022\/10\/Banniere-O-Musica-300x100.jpg 300w, https:\/\/omusica.fr\/wp-content\/uploads\/2022\/10\/Banniere-O-Musica-1024x341.jpg 1024w, https:\/\/omusica.fr\/wp-content\/uploads\/2022\/10\/Banniere-O-Musica-768x256.jpg 768w\" sizes=\"auto, (max-width: 1500px) 100vw, 1500px\" \/>\n                      <div class=\"h-image__frame h-hide-lg h-hide-md h-hide-sm style-1536-frameImage style-local-1023-c12-frameImage\"><\/div>\n                    <\/div>\n                  <\/div>\n                <\/div>\n              <\/div>\n            <\/div>\n          <\/div>\n        <\/div>\n      <\/div>\n      <div data-colibri-id=\"1023-c13\" class=\"h-row-container gutters-row-lg-2 gutters-row-md-2 gutters-row-0 gutters-row-v-lg-2 gutters-row-v-md-2 gutters-row-v-2 style-2348 style-local-1023-c13 position-relative\">\n        <!---->\n        <div class=\"h-row justify-content-lg-center justify-content-md-center justify-content-center align-items-lg-stretch align-items-md-stretch align-items-stretch gutters-col-lg-2 gutters-col-md-2 gutters-col-0 gutters-col-v-lg-2 gutters-col-v-md-2 gutters-col-v-2\">\n          <!---->\n          <div class=\"h-column h-column-container d-flex h-col-lg-auto h-col-md-auto h-col-auto style-2349-outer style-local-1023-c14-outer\">\n            <div data-colibri-id=\"1023-c14\" class=\"d-flex h-flex-basis h-column__inner h-px-lg-2 h-px-md-2 h-px-2 v-inner-lg-2 v-inner-md-2 v-inner-2 style-2349 style-local-1023-c14 position-relative\">\n              <!---->\n              <!---->\n              <div class=\"w-100 h-y-container h-column__content h-column__v-align flex-basis-100 align-self-lg-start align-self-md-start align-self-start\">\n                <!---->\n                <div data-colibri-id=\"1023-c15\" class=\"h-global-transition-all h-heading style-2350 style-local-1023-c15 position-relative h-element\">\n                  <!---->\n                  <div class=\"h-heading__outer style-2350 style-local-1023-c15\">\n                    <!---->\n                    <!---->\n                    <h2 class=\"\">En pratique<\/h2>\n                  <\/div>\n                <\/div>\n              <\/div>\n            <\/div>\n          <\/div>\n        <\/div>\n      <\/div>\n      <div data-colibri-id=\"1023-c16\" class=\"h-row-container gutters-row-lg-2 gutters-row-md-2 gutters-row-0 gutters-row-v-lg-2 gutters-row-v-md-2 gutters-row-v-2 style-1091 style-local-1023-c16 position-relative\">\n        <!---->\n        <div class=\"h-row justify-content-lg-center justify-content-md-center justify-content-center align-items-lg-stretch align-items-md-stretch align-items-stretch gutters-col-lg-2 gutters-col-md-2 gutters-col-0 gutters-col-v-lg-2 gutters-col-v-md-2 gutters-col-v-2\">\n          <!---->\n          <div class=\"h-column h-column-container d-flex h-col-lg-auto h-col-md-auto h-col-auto style-1092-outer style-local-1023-c17-outer\">\n            <div data-colibri-id=\"1023-c17\" class=\"d-flex h-flex-basis h-column__inner h-px-lg-2 h-px-md-2 h-px-2 v-inner-lg-2 v-inner-md-2 v-inner-2 style-1092 style-local-1023-c17 position-relative\">\n              <!---->\n              <!---->\n              <div class=\"w-100 h-y-container h-column__content h-column__v-align flex-basis-100 align-self-lg-start align-self-md-start align-self-start\">\n                <!---->\n                <div data-colibri-id=\"1023-c18\" class=\"h-text h-text-component style-1096 style-local-1023-c18 position-relative h-element\">\n                  <!---->\n                  <!---->\n                  <div class=\"\">\n                    <p>L&#8217;association O Musica d\u00e9livre \u00e0 ses donateurs des <strong>re\u00e7us<\/strong> leur permettant de b\u00e9n\u00e9ficier d&#8217;all\u00e8gements fiscaux (loi 2003-709 du 1er ao\u00fbt 2003, dite loi Aillagon).<\/p>\n                    <ul>\n                      <li><strong>Pour les particuliers : r\u00e9duction de l&#8217;imp\u00f4t sur le revenu de 66% du montant du don.<\/strong><\/li>\n                      <li><strong>Pour les entreprises : r\u00e9duction de l&#8217;imp\u00f4t sur les soci\u00e9t\u00e9s de 60% du montant du don.<\/strong><\/li>\n                    <\/ul>\n                    <p>Les dons devront se faire de pr\u00e9f\u00e9rence par virement bancaire sur le compte Cr\u00e9dit Agricole de O\u2019Musica\n                      <br>ou par ch\u00e8que \u00e0 l\u2019ordre de O\u2019Musica. Le paiement des dons devra \u00eatre ind\u00e9pendant du paiement de la cotisation. Nous vous invitons \u00e0 pr\u00e9ciser qu\u2019il s\u2019agit d\u2019un don au titre de l\u2019imp\u00f4t sur le revenu et le nom du donateur.<\/p>\n                  <\/div>\n                <\/div>\n              <\/div>\n            <\/div>\n          <\/div>\n        <\/div>\n      <\/div>\n    <\/div>\n  <\/div>\n  <div data-colibri-component=\"section\" data-colibri-id=\"1023-c19\" id=\"custom-3\" class=\"h-section h-section-global-spacing d-flex align-items-lg-center align-items-md-center align-items-center style-1097 style-local-1023-c19 position-relative\">\n    <!---->\n    <!---->\n    <div class=\"h-section-grid-container h-section-boxed-container\">\n      <!---->\n      <div data-colibri-id=\"1023-c20\" class=\"h-row-container gutters-row-lg-2 gutters-row-md-2 gutters-row-0 gutters-row-v-lg-2 gutters-row-v-md-2 gutters-row-v-2 style-1098 style-local-1023-c20 position-relative\">\n        <!---->\n        <div class=\"h-row justify-content-lg-center justify-content-md-center justify-content-center align-items-lg-stretch align-items-md-stretch align-items-stretch gutters-col-lg-2 gutters-col-md-2 gutters-col-0 gutters-col-v-lg-2 gutters-col-v-md-2 gutters-col-v-2\">\n          <!---->\n          <div class=\"h-column h-column-container d-flex h-col-lg-auto h-col-md-auto h-col-auto style-1099-outer style-local-1023-c21-outer\">\n            <div data-colibri-id=\"1023-c21\" class=\"d-flex h-flex-basis h-column__inner h-px-lg-2 h-px-md-2 h-px-2 v-inner-lg-2 v-inner-md-2 v-inner-2 style-1099 style-local-1023-c21 position-relative\">\n              <!---->\n              <!---->\n              <div class=\"w-100 h-y-container h-column__content h-column__v-align flex-basis-100 align-self-lg-start align-self-md-start align-self-start\">\n                <!---->\n                <div data-colibri-id=\"1023-c22\" class=\"h-global-transition-all h-heading style-1100 style-local-1023-c22 position-relative h-element\">\n                  <!---->\n                  <div class=\"h-heading__outer style-1100 style-local-1023-c22\">\n                    <!---->\n                    <!---->\n                    <h2 class=\"\">M\u00e9c\u00e9nat culturel : et si c&#8217;\u00e9tait vous ?<\/h2>\n                  <\/div>\n                <\/div>\n              <\/div>\n            <\/div>\n          <\/div>\n        <\/div>\n      <\/div>\n      <div data-colibri-id=\"1023-c30\" class=\"h-row-container gutters-row-lg-2 gutters-row-md-2 gutters-row-0 gutters-row-v-lg-2 gutters-row-v-md-2 gutters-row-v-2 style-2914 style-local-1023-c30 position-relative\">\n        <!---->\n        <div class=\"h-row justify-content-lg-center justify-content-md-center justify-content-center align-items-lg-stretch align-items-md-stretch align-items-stretch gutters-col-lg-2 gutters-col-md-2 gutters-col-0 gutters-col-v-lg-2 gutters-col-v-md-2 gutters-col-v-2\">\n          <!---->\n          <div class=\"h-column h-column-container d-flex h-col-lg-auto h-col-md-auto h-col-auto style-2915-outer style-local-1023-c31-outer\">\n            <div data-colibri-id=\"1023-c31\" class=\"d-flex h-flex-basis h-column__inner h-px-lg-2 h-px-md-2 h-px-2 v-inner-lg-2 v-inner-md-2 v-inner-2 style-2915 style-local-1023-c31 position-relative\">\n              <!---->\n              <!---->\n              <div class=\"w-100 h-y-container h-column__content h-column__v-align flex-basis-100 align-self-lg-start align-self-md-start align-self-start\">\n                <!---->\n                <div data-colibri-id=\"1023-c32\" class=\"h-text h-text-component style-1103 style-local-1023-c32 position-relative h-element\">\n                  <!---->\n                  <!---->\n                  <div class=\"\">\n                    <p><span style=\"color: rgb(9, 33, 42); font-family: Assistant; font-size: 20px; font-weight: 600;\">\ufeffVous \u00eates une agence immobili\u00e8re, une banque, un commerce, un h\u00f4tel, une maison de retraite ou encore un restaurant ? Nous sommes toujours en recherche de sponsors actifs dans la boucle de Seine, proches des choristes et de notre public.&nbsp;<\/span>\n                      <br>Nous pouvons vous proposer du sponsoring sur l&#8217;un ou plusieurs de nos concerts. Nous vous invitons \u00e0 nous contacter pour cela.<\/p>\n                  <\/div>\n                <\/div>\n              <\/div>\n            <\/div>\n          <\/div>\n        <\/div>\n      <\/div>\n      <div data-colibri-id=\"1023-c26\" class=\"h-row-container gutters-row-lg-2 gutters-row-md-2 gutters-row-0 gutters-row-v-lg-2 gutters-row-v-md-2 gutters-row-v-2 style-1107 style-local-1023-c26 position-relative\">\n        <!---->\n        <div class=\"h-row justify-content-lg-center justify-content-md-center justify-content-center align-items-lg-stretch align-items-md-stretch align-items-stretch gutters-col-lg-2 gutters-col-md-2 gutters-col-0 gutters-col-v-lg-2 gutters-col-v-md-2 gutters-col-v-2\">\n          <!---->\n          <div class=\"h-column h-column-container d-flex h-col-lg-auto h-col-md-auto h-col-auto style-1108-outer style-local-1023-c27-outer\">\n            <div data-colibri-id=\"1023-c27\" class=\"d-flex h-flex-basis h-column__inner h-px-lg-2 h-px-md-2 h-px-2 v-inner-lg-2 v-inner-md-2 v-inner-2 style-1108 style-local-1023-c27 position-relative\">\n              <!---->\n              <!---->\n              <div class=\"w-100 h-y-container h-column__content h-column__v-align flex-basis-100 align-self-lg-start align-self-md-start align-self-start\">\n                <!---->\n                <div data-colibri-id=\"1023-c28\" class=\"h-x-container style-1109 style-local-1023-c28 position-relative h-element\">\n                  <!---->\n                  <div class=\"h-x-container-inner style-dynamic-1023-c28-group style-1109-spacing style-local-1023-c28-spacing\"><span class=\"h-button__outer style-1110-outer style-local-1023-c29-outer d-inline-flex h-element\"><a h-use-smooth-scroll=\"true\" href=\"https:\/\/omusica.fr\/?page_id=779&amp;customize_changeset_uuid=1da7c5d4-7746-432c-a63e-4657521ac2bc&amp;customize_autosaved=on\"  data-colibri-id=\"1023-c29\" class=\"d-flex w-100 align-items-center h-button justify-content-lg-center justify-content-md-center justify-content-center style-1110 style-local-1023-c29 position-relative\"><!----><!----> <span>Contactez-nous<\/span><\/a>\n                    <\/span>\n                  <\/div>\n                <\/div>\n              <\/div>\n            <\/div>\n          <\/div>\n        <\/div>\n      <\/div>\n    <\/div>\n  <\/div>\n  <div data-colibri-component=\"section\" data-colibri-id=\"1023-c33\" id=\"custom-4\" class=\"h-section h-section-global-spacing d-flex align-items-lg-center align-items-md-center align-items-center style-2916 style-local-1023-c33 position-relative\">\n    <!---->\n    <!---->\n    <div class=\"h-section-grid-container h-section-boxed-container\">\n      <!---->\n      <div data-colibri-id=\"1023-c38\" class=\"h-row-container gutters-row-lg-2 gutters-row-md-2 gutters-row-0 gutters-row-v-lg-2 gutters-row-v-md-2 gutters-row-v-2 style-2921 style-local-1023-c38 position-relative\">\n        <!---->\n        <div class=\"h-row justify-content-lg-center justify-content-md-center justify-content-center align-items-lg-stretch align-items-md-stretch align-items-stretch gutters-col-lg-2 gutters-col-md-2 gutters-col-0 gutters-col-v-lg-2 gutters-col-v-md-2 gutters-col-v-2\">\n          <!---->\n          <div class=\"h-column h-column-container d-flex h-col-lg-auto h-col-md-auto h-col-auto style-2922-outer style-local-1023-c39-outer\">\n            <div data-colibri-id=\"1023-c39\" class=\"d-flex h-flex-basis h-column__inner h-px-lg-2 h-px-md-2 h-px-2 v-inner-lg-2 v-inner-md-2 v-inner-2 style-2922 style-local-1023-c39 position-relative\">\n              <!---->\n              <!---->\n              <div class=\"w-100 h-y-container h-column__content h-column__v-align flex-basis-100 align-self-lg-start align-self-md-start align-self-start\">\n                <!---->\n                <div data-colibri-id=\"1023-c40\" class=\"h-global-transition-all h-heading style-2923 style-local-1023-c40 position-relative h-element\">\n                  <!---->\n                  <div class=\"h-heading__outer style-2923 style-local-1023-c40\">\n                    <!---->\n                    <!---->\n                    <h2 class=\"\">Merci \u00e0 l&#8217;agence immobili\u00e8re des Cercles<\/h2>\n                  <\/div>\n                <\/div>\n              <\/div>\n            <\/div>\n          <\/div>\n        <\/div>\n      <\/div>\n      <div data-colibri-id=\"1023-c34\" class=\"h-row-container gutters-row-lg-2 gutters-row-md-2 gutters-row-0 gutters-row-v-lg-2 gutters-row-v-md-2 gutters-row-v-2 style-2917 style-local-1023-c34 position-relative\">\n        <!---->\n        <div class=\"h-row justify-content-lg-center justify-content-md-center justify-content-center align-items-lg-stretch align-items-md-stretch align-items-stretch gutters-col-lg-2 gutters-col-md-2 gutters-col-0 gutters-col-v-lg-2 gutters-col-v-md-2 gutters-col-v-2\">\n          <!---->\n          <div class=\"h-column h-column-container d-flex h-col-lg h-col-md h-col-auto style-2918-outer style-local-1023-c35-outer\">\n            <div data-colibri-id=\"1023-c35\" class=\"d-flex h-flex-basis h-column__inner h-px-lg-2 h-px-md-2 h-px-2 v-inner-lg-2 v-inner-md-2 v-inner-2 style-2918 style-local-1023-c35 position-relative\">\n              <!---->\n              <!---->\n              <div class=\"w-100 h-y-container h-column__content h-column__v-align flex-basis-100 align-self-lg-start align-self-md-start align-self-start\">\n                <!---->\n                <div data-colibri-id=\"1023-c37\" class=\"h-text h-text-component style-2920 style-local-1023-c37 position-relative h-element\">\n                  <!---->\n                  <!---->\n                  <div class=\"\">\n                    <p>Nous remercions sinc\u00e8rement Les Cercles pour leur engagement \u00e0 nos c\u00f4t\u00e9s en tant que partenaire de la saison 2025-2026. Acteur incontournable du Le V\u00e9sinet, l\u2019agence immobili\u00e8re se distingue par son ancrage local, son sens du service\n                      et son attention port\u00e9e \u00e0 la qualit\u00e9 des relations humaines. \u00c0 travers ses initiatives, elle contribue activement \u00e0 la vitalit\u00e9 du tissu local et au rayonnement de la ville. Leur soutien au ch\u0153ur O Musica s\u2019inscrit pleinement dans\n                      cette dynamique : il nous permet de poursuivre notre exigence artistique, de proposer des concerts accessibles au plus grand nombre et de faire vivre la musique au c\u0153ur de notre territoire. Au-del\u00e0 de l\u2019accompagnement financier,\n                      nous sommes particuli\u00e8rement sensibles \u00e0 la confiance qu\u2019ils nous t\u00e9moignent et \u00e0 l\u2019int\u00e9r\u00eat qu\u2019ils portent \u00e0 notre projet. Ce partenariat repr\u00e9sente pour nous un appui pr\u00e9cieux, que nous sommes heureux de faire vivre et de d\u00e9velopper\n                      dans la dur\u00e9e.<\/p>\n                  <\/div>\n                <\/div>\n              <\/div>\n            <\/div>\n          <\/div>\n          <div class=\"h-column h-column-container d-flex h-col-lg-auto h-col-md-auto h-col-auto style-2925-outer style-local-1023-c42-outer\">\n            <div data-colibri-id=\"1023-c42\" class=\"d-flex h-flex-basis h-column__inner h-px-lg-2 h-px-md-2 h-px-2 v-inner-lg-2 v-inner-md-2 v-inner-2 style-2925 style-local-1023-c42 position-relative\">\n              <!---->\n              <!---->\n              <div class=\"w-100 h-y-container h-column__content h-column__v-align flex-basis-auto align-self-lg-start align-self-md-start align-self-start\">\n                <!---->\n                <div data-colibri-id=\"1023-c43\" class=\"d-block style-2926 style-local-1023-c43 position-relative h-element\">\n                  <!---->\n                  <div class=\"h-image__frame-container-outer\">\n                    <div class=\"h-image__frame-container\">\n                      <!---->\n                      <!---->\n                      <img loading=\"lazy\" decoding=\"async\" width=\"600\" height=\"400\" src=\"https:\/\/omusica.fr\/wp-content\/uploads\/2026\/04\/Agence-immobiliere-Les-Cercles.png\" class=\"wp-image-6326 style-2926-image style-local-1023-c43-image\" alt=\"Agence immobili\u00e8re Les Cercles\" srcset=\"https:\/\/omusica.fr\/wp-content\/uploads\/2026\/04\/Agence-immobiliere-Les-Cercles.png 600w, https:\/\/omusica.fr\/wp-content\/uploads\/2026\/04\/Agence-immobiliere-Les-Cercles-300x200.png 300w\" sizes=\"auto, (max-width: 600px) 100vw, 600px\" \/>\n                      <div class=\"h-image__frame h-hide-lg h-hide-md h-hide-sm style-2926-frameImage style-local-1023-c43-frameImage\"><\/div>\n                    <\/div>\n                  <\/div>\n                <\/div>\n              <\/div>\n            <\/div>\n          <\/div>\n        <\/div>\n      <\/div>\n    <\/div>\n  <\/div>\n<\/div>","protected":false},"excerpt":{"rendered":"<p>Nous soutenir L\u2019association O Musica est reconnue organisme d&#8217;int\u00e9r\u00eat g\u00e9n\u00e9ral. A ce titre, elle est habilit\u00e9e \u00e0 recevoir des dons de particulier ou d\u2019entreprise, donnant droit \u00e0 une d\u00e9duction fiscale.&nbsp; Votre investissement nous permettra de r\u00e9aliser nos projets et de multiplier nos prestations et votre g\u00e9n\u00e9rosit\u00e9 nous encourage \u00e0 toujours \u00eatre \u00e0 la recherche d\u2019une [&hellip;]<\/p>\n","protected":false},"author":1,"featured_media":0,"parent":1124,"menu_order":0,"comment_status":"closed","ping_status":"closed","template":"page-templates\/full-width-page.php","meta":{"_monsterinsights_skip_tracking":false,"_monsterinsights_sitenote_active":false,"_monsterinsights_sitenote_note":"","_monsterinsights_sitenote_category":0,"footnotes":""},"class_list":["post-1023","page","type-page","status-publish","hentry"],"aioseo_notices":[],"_links":{"self":[{"href":"https:\/\/omusica.fr\/index.php?rest_route=\/wp\/v2\/pages\/1023","targetHints":{"allow":["GET"]}}],"collection":[{"href":"https:\/\/omusica.fr\/index.php?rest_route=\/wp\/v2\/pages"}],"about":[{"href":"https:\/\/omusica.fr\/index.php?rest_route=\/wp\/v2\/types\/page"}],"author":[{"embeddable":true,"href":"https:\/\/omusica.fr\/index.php?rest_route=\/wp\/v2\/users\/1"}],"replies":[{"embeddable":true,"href":"https:\/\/omusica.fr\/index.php?rest_route=%2Fwp%2Fv2%2Fcomments&post=1023"}],"version-history":[{"count":17,"href":"https:\/\/omusica.fr\/index.php?rest_route=\/wp\/v2\/pages\/1023\/revisions"}],"predecessor-version":[{"id":6342,"href":"https:\/\/omusica.fr\/index.php?rest_route=\/wp\/v2\/pages\/1023\/revisions\/6342"}],"up":[{"embeddable":true,"href":"https:\/\/omusica.fr\/index.php?rest_route=\/wp\/v2\/pages\/1124"}],"wp:attachment":[{"href":"https:\/\/omusica.fr\/index.php?rest_route=%2Fwp%2Fv2%2Fmedia&parent=1023"}],"curies":[{"name":"wp","href":"https:\/\/api.w.org\/{rel}","templated":true}]}}