{"id":1142,"date":"2022-10-08T20:26:06","date_gmt":"2022-10-08T18:26:06","guid":{"rendered":"https:\/\/omusica.fr\/?page_id=1142"},"modified":"2025-02-02T10:40:03","modified_gmt":"2025-02-02T09:40:03","slug":"direction-musicale","status":"publish","type":"page","link":"https:\/\/omusica.fr\/?page_id=1142","title":{"rendered":"Direction musicale"},"content":{"rendered":"<div data-colibri-id=\"1142-c1\" class=\"style-1563 style-local-1142-c1 position-relative\">\n  <!---->\n  <div data-colibri-component=\"section\" data-colibri-id=\"1142-c2\" id=\"custom\" class=\"h-section h-section-global-spacing d-flex align-items-lg-center align-items-md-center align-items-center style-1564 style-local-1142-c2 position-relative\">\n    <!---->\n    <!---->\n    <div class=\"h-section-grid-container h-section-boxed-container\">\n      <!---->\n      <div data-colibri-id=\"1142-c3\" class=\"h-row-container gutters-row-lg-2 gutters-row-md-2 gutters-row-0 gutters-row-v-lg-2 gutters-row-v-md-2 gutters-row-v-2 style-1708 style-local-1142-c3 position-relative\">\n        <!---->\n        <div class=\"h-row justify-content-lg-center justify-content-md-center justify-content-center align-items-lg-stretch align-items-md-stretch align-items-stretch gutters-col-lg-2 gutters-col-md-2 gutters-col-0 gutters-col-v-lg-2 gutters-col-v-md-2 gutters-col-v-2\">\n          <!---->\n          <div class=\"h-column h-column-container d-flex h-col-lg-auto h-col-md-auto h-col-auto style-1709-outer style-local-1142-c4-outer\">\n            <div data-colibri-id=\"1142-c4\" class=\"d-flex h-flex-basis h-column__inner h-px-lg-0 h-px-md-0 h-px-0 v-inner-lg-0 v-inner-md-0 v-inner-0 style-1709 style-local-1142-c4 position-relative\">\n              <!---->\n              <!---->\n              <div class=\"w-100 h-y-container h-column__content h-column__v-align flex-basis-100 align-self-lg-start align-self-md-start align-self-start\">\n                <!---->\n                <div data-colibri-id=\"1142-c5\" class=\"h-global-transition-all h-heading style-1710 style-local-1142-c5 position-relative h-element\">\n                  <!---->\n                  <div class=\"h-heading__outer style-1710 style-local-1142-c5\">\n                    <!---->\n                    <!---->\n                    <h1 class=\"\"><strong>Direction musicale : Pascal Bezard<\/strong><\/h1>\n                  <\/div>\n                <\/div>\n              <\/div>\n            <\/div>\n          <\/div>\n        <\/div>\n      <\/div>\n    <\/div>\n  <\/div>\n  <div data-colibri-component=\"section\" data-colibri-id=\"1142-c6\" id=\"custom-2\" class=\"h-section h-section-global-spacing d-flex align-items-lg-center align-items-md-center align-items-center style-2593 style-local-1142-c6 position-relative\">\n    <!---->\n    <!---->\n    <div class=\"h-section-grid-container h-section-boxed-container\">\n      <!---->\n      <div data-colibri-id=\"1142-c7\" class=\"h-row-container gutters-row-lg-2 gutters-row-md-2 gutters-row-0 gutters-row-v-lg-2 gutters-row-v-md-2 gutters-row-v-2 style-2594 style-local-1142-c7 position-relative\">\n        <!---->\n        <div class=\"h-row justify-content-lg-center justify-content-md-center justify-content-center align-items-lg-stretch align-items-md-stretch align-items-stretch gutters-col-lg-2 gutters-col-md-2 gutters-col-0 gutters-col-v-lg-2 gutters-col-v-md-2 gutters-col-v-2\">\n          <!---->\n          <div class=\"h-column h-column-container d-flex h-col-lg-auto h-col-md-auto h-col-auto style-2595-outer style-local-1142-c8-outer\">\n            <div data-colibri-id=\"1142-c8\" class=\"d-flex h-flex-basis h-column__inner h-px-lg-2 h-px-md-2 h-px-2 v-inner-lg-2 v-inner-md-2 v-inner-2 style-2595 style-local-1142-c8 position-relative\">\n              <!---->\n              <!---->\n              <div class=\"w-100 h-y-container h-column__content h-column__v-align flex-basis-100 align-self-lg-start align-self-md-start align-self-start\">\n                <!---->\n                <div data-colibri-id=\"1142-c9\" class=\"d-block style-2604 style-local-1142-c9 position-relative h-element\">\n                  <!---->\n                  <div class=\"h-image__frame-container-outer\">\n                    <div class=\"h-image__frame-container\">\n                      <!---->\n                      <!---->\n                      <img loading=\"lazy\" decoding=\"async\" width=\"2048\" height=\"1536\" src=\"https:\/\/omusica.fr\/wp-content\/uploads\/2025\/02\/Photo-Pascal-1.jpg\" class=\"wp-image-5614 style-2604-image style-local-1142-c9-image\" alt=\"Pascal Bezard chef de ch\u0153ur O Musica\" srcset=\"https:\/\/omusica.fr\/wp-content\/uploads\/2025\/02\/Photo-Pascal-1.jpg 2048w, https:\/\/omusica.fr\/wp-content\/uploads\/2025\/02\/Photo-Pascal-1-300x225.jpg 300w, https:\/\/omusica.fr\/wp-content\/uploads\/2025\/02\/Photo-Pascal-1-1024x768.jpg 1024w, https:\/\/omusica.fr\/wp-content\/uploads\/2025\/02\/Photo-Pascal-1-768x576.jpg 768w, https:\/\/omusica.fr\/wp-content\/uploads\/2025\/02\/Photo-Pascal-1-1536x1152.jpg 1536w\" sizes=\"auto, (max-width: 2048px) 100vw, 2048px\" \/>\n                      <div class=\"h-image__frame h-hide-lg h-hide-md h-hide-sm style-2604-frameImage style-local-1142-c9-frameImage\"><\/div>\n                    <\/div>\n                  <\/div>\n                <\/div>\n              <\/div>\n            <\/div>\n          <\/div>\n          <div class=\"h-column h-column-container d-flex h-col-lg-auto h-col-md-auto h-col-auto style-2596-outer style-local-1142-c10-outer\">\n            <div data-colibri-id=\"1142-c10\" class=\"d-flex h-flex-basis h-column__inner h-px-lg-2 h-px-md-2 h-px-2 v-inner-lg-2 v-inner-md-2 v-inner-2 style-2596 style-local-1142-c10 position-relative\">\n              <!---->\n              <!---->\n              <div class=\"w-100 h-y-container h-column__content h-column__v-align flex-basis-100 align-self-lg-start align-self-md-start align-self-start\">\n                <!---->\n                <div data-colibri-id=\"1142-c11\" class=\"h-text h-text-component style-2597 style-local-1142-c11 position-relative h-element\">\n                  <!---->\n                  <!---->\n                  <div class=\"\">\n                    <p>Chef de ch\u0153ur, chanteur, musicologue et p\u00e9dagogue, Pascal Bezard aime aborder toutes les composantes de la musique ayant pour d\u00e9nominateur commun la voix. Il explore et \u00e9tudie tous les r\u00e9pertoires et toutes les \u00e9poques, aussi bien\n                      par curiosit\u00e9 personnelle que par passion et souci du partage avec ses choristes et \u00e9l\u00e8ves.<\/p>\n                    <p>Il est titulaire d\u2019une Ma\u00eetrise de Musicologie \u00e0 la Sorbonne et d\u2019un Prix de Direction de Ch\u0153ur au Conservatoire National de R\u00e9gion de Boulogne-Billancourt dans la classe de Pierre Calmelet.<\/p>\n                  <\/div>\n                <\/div>\n              <\/div>\n            <\/div>\n          <\/div>\n        <\/div>\n      <\/div>\n    <\/div>\n  <\/div>\n  <div data-colibri-component=\"section\" data-colibri-id=\"1142-c12\" id=\"custom-3\" class=\"h-section h-section-global-spacing d-flex align-items-lg-center align-items-md-center align-items-center style-2598 style-local-1142-c12 position-relative\">\n    <!---->\n    <!---->\n    <div class=\"h-section-grid-container h-section-boxed-container\">\n      <!---->\n      <div data-colibri-id=\"1142-c13\" class=\"h-row-container gutters-row-lg-2 gutters-row-md-2 gutters-row-0 gutters-row-v-lg-2 gutters-row-v-md-2 gutters-row-v-2 style-2601 style-local-1142-c13 position-relative\">\n        <!---->\n        <div class=\"h-row justify-content-lg-center justify-content-md-center justify-content-center align-items-lg-stretch align-items-md-stretch align-items-stretch gutters-col-lg-2 gutters-col-md-2 gutters-col-0 gutters-col-v-lg-2 gutters-col-v-md-2 gutters-col-v-2\">\n          <!---->\n          <div class=\"h-column h-column-container d-flex h-col-lg-auto h-col-md-auto h-col-auto style-2602-outer style-local-1142-c14-outer\">\n            <div data-colibri-id=\"1142-c14\" class=\"d-flex h-flex-basis h-column__inner h-px-lg-2 h-px-md-2 h-px-2 v-inner-lg-2 v-inner-md-2 v-inner-2 style-2602 style-local-1142-c14 position-relative\">\n              <!---->\n              <!---->\n              <div class=\"w-100 h-y-container h-column__content h-column__v-align flex-basis-100 align-self-lg-start align-self-md-start align-self-start\">\n                <!---->\n                <div data-colibri-id=\"1142-c15\" class=\"h-text h-text-component style-2603 style-local-1142-c15 position-relative h-element\">\n                  <!---->\n                  <!---->\n                  <div class=\"\">\n                    <p><span style=\"color: rgb(23, 37, 42); font-family: Assistant; font-size: 20px; font-weight: 600;\">Il chante r\u00e9guli\u00e8rement les parties de baryton-basse soliste du r\u00e9pertoire d\u2019oratorios et donne r\u00e9guli\u00e8rement des conf\u00e9rences sur l\u2019histoire de la musique et la voix.<\/span><\/p>\n                    <p>Il dirige plusieurs ch\u0153urs et ensembles vocaux \u00e0 Paris, dont l&#8217;<strong>ensemble Vocal Quid Novi ?<\/strong>&nbsp;et anime ponctuellement des stages th\u00e9matiques (chant gr\u00e9gorien, musiques m\u00e9di\u00e9vales, baroque fran\u00e7ais).<\/p>\n                    <p>Apr\u00e8s avoir \u00e9t\u00e9 chantre soliste \u00e0 Notre-Dame de Paris, il fonde en 1999 l\u2019ensemble professionnel&nbsp;<strong>Magnus Liber<\/strong>&nbsp;sp\u00e9cialis\u00e9 dans le chant gr\u00e9gorien, les polyphonies m\u00e9di\u00e9vales et le plain-chant baroque. Il est\n                      ma\u00eetre de chapelle de&nbsp;<strong>l\u2019\u00e9glise Saint-Pierre de Chaillot<\/strong>&nbsp;(XVI\u00e8me arr.) et a \u00e9t\u00e9 ma\u00eetre de chapelle responsable des grandes c\u00e9r\u00e9monies \u00e0 la cath\u00e9drale Saint-Louis des Invalides (VIIe arr.) pendant plus de\n                      10 ans.<\/p>\n                    <p>Il est \u00e9galement chantre de&nbsp;<strong>l\u2019\u00e9glise luth\u00e9rienne des Billettes<\/strong>&nbsp;depuis 1991.&nbsp;<\/p>\n                  <\/div>\n                <\/div>\n              <\/div>\n            <\/div>\n          <\/div>\n        <\/div>\n      <\/div>\n    <\/div>\n  <\/div>\n<\/div>","protected":false},"excerpt":{"rendered":"<p>Direction musicale : Pascal Bezard Chef de ch\u0153ur, chanteur, musicologue et p\u00e9dagogue, Pascal Bezard aime aborder toutes les composantes de la musique ayant pour d\u00e9nominateur commun la voix. Il explore et \u00e9tudie tous les r\u00e9pertoires et toutes les \u00e9poques, aussi bien par curiosit\u00e9 personnelle que par passion et souci du partage avec ses choristes et [&hellip;]<\/p>\n","protected":false},"author":3,"featured_media":0,"parent":312,"menu_order":0,"comment_status":"closed","ping_status":"closed","template":"page-templates\/full-width-page.php","meta":{"_monsterinsights_skip_tracking":false,"_monsterinsights_sitenote_active":false,"_monsterinsights_sitenote_note":"","_monsterinsights_sitenote_category":0,"footnotes":""},"class_list":["post-1142","page","type-page","status-publish","hentry"],"aioseo_notices":[],"_links":{"self":[{"href":"https:\/\/omusica.fr\/index.php?rest_route=\/wp\/v2\/pages\/1142","targetHints":{"allow":["GET"]}}],"collection":[{"href":"https:\/\/omusica.fr\/index.php?rest_route=\/wp\/v2\/pages"}],"about":[{"href":"https:\/\/omusica.fr\/index.php?rest_route=\/wp\/v2\/types\/page"}],"author":[{"embeddable":true,"href":"https:\/\/omusica.fr\/index.php?rest_route=\/wp\/v2\/users\/3"}],"replies":[{"embeddable":true,"href":"https:\/\/omusica.fr\/index.php?rest_route=%2Fwp%2Fv2%2Fcomments&post=1142"}],"version-history":[{"count":15,"href":"https:\/\/omusica.fr\/index.php?rest_route=\/wp\/v2\/pages\/1142\/revisions"}],"predecessor-version":[{"id":5617,"href":"https:\/\/omusica.fr\/index.php?rest_route=\/wp\/v2\/pages\/1142\/revisions\/5617"}],"up":[{"embeddable":true,"href":"https:\/\/omusica.fr\/index.php?rest_route=\/wp\/v2\/pages\/312"}],"wp:attachment":[{"href":"https:\/\/omusica.fr\/index.php?rest_route=%2Fwp%2Fv2%2Fmedia&parent=1142"}],"curies":[{"name":"wp","href":"https:\/\/api.w.org\/{rel}","templated":true}]}}