{"id":1144,"date":"2022-10-08T20:26:21","date_gmt":"2022-10-08T18:26:21","guid":{"rendered":"https:\/\/omusica.fr\/?page_id=1144"},"modified":"2026-04-28T12:08:55","modified_gmt":"2026-04-28T10:08:55","slug":"notre-repertoire","status":"publish","type":"page","link":"https:\/\/omusica.fr\/?page_id=1144","title":{"rendered":"Notre r\u00e9pertoire"},"content":{"rendered":"<div data-colibri-id=\"1144-c1\" class=\"style-1520 style-local-1144-c1 position-relative\">\n  <!---->\n  <div data-colibri-component=\"section\" data-colibri-id=\"1144-c2\" id=\"custom\" class=\"h-section h-section-global-spacing d-flex align-items-lg-center align-items-md-center align-items-center style-1521 style-local-1144-c2 position-relative\">\n    <!---->\n    <!---->\n    <div class=\"h-section-grid-container h-section-boxed-container\">\n      <!---->\n      <div data-colibri-id=\"1144-c3\" class=\"h-row-container gutters-row-lg-1 gutters-row-md-1 gutters-row-0 gutters-row-v-lg-1 gutters-row-v-md-1 gutters-row-v-1 style-1525 style-local-1144-c3 position-relative\">\n        <!---->\n        <div class=\"h-row justify-content-lg-center justify-content-md-center justify-content-center align-items-lg-stretch align-items-md-stretch align-items-stretch gutters-col-lg-1 gutters-col-md-1 gutters-col-0 gutters-col-v-lg-1 gutters-col-v-md-1 gutters-col-v-1\">\n          <!---->\n          <div class=\"h-column h-column-container d-flex h-col-lg-auto h-col-md-auto h-col-auto style-1526-outer style-local-1144-c4-outer\">\n            <div data-colibri-id=\"1144-c4\" class=\"d-flex h-flex-basis h-column__inner h-px-lg-1 h-px-md-1 h-px-1 v-inner-lg-1 v-inner-md-1 v-inner-1 style-1526 style-local-1144-c4 position-relative\">\n              <!---->\n              <!---->\n              <div class=\"w-100 h-y-container h-column__content h-column__v-align flex-basis-100 align-self-lg-start align-self-md-start align-self-start\">\n                <!---->\n                <div data-colibri-id=\"1144-c5\" class=\"h-global-transition-all h-heading style-1527 style-local-1144-c5 position-relative h-element\">\n                  <!---->\n                  <div class=\"h-heading__outer style-1527 style-local-1144-c5\">\n                    <!---->\n                    <!---->\n                    <h1 class=\"\"><strong>Notre r\u00e9pertoire<\/strong><\/h1>\n                  <\/div>\n                <\/div>\n              <\/div>\n            <\/div>\n          <\/div>\n        <\/div>\n      <\/div>\n    <\/div>\n  <\/div>\n  <div data-colibri-component=\"section\" data-colibri-id=\"1144-c6\" id=\"custom-2\" class=\"h-section h-section-global-spacing d-flex align-items-lg-center align-items-md-center align-items-center style-2351 style-local-1144-c6 position-relative\">\n    <!---->\n    <!---->\n    <div class=\"h-section-grid-container h-section-boxed-container\">\n      <!---->\n      <div data-colibri-id=\"1144-c7\" class=\"h-row-container gutters-row-lg-2 gutters-row-md-2 gutters-row-0 gutters-row-v-lg-2 gutters-row-v-md-2 gutters-row-v-2 style-2354 style-local-1144-c7 position-relative\">\n        <!---->\n        <div class=\"h-row justify-content-lg-center justify-content-md-center justify-content-center align-items-lg-stretch align-items-md-stretch align-items-stretch gutters-col-lg-2 gutters-col-md-2 gutters-col-0 gutters-col-v-lg-2 gutters-col-v-md-2 gutters-col-v-2\">\n          <!---->\n          <div class=\"h-column h-column-container d-flex h-col-lg-auto h-col-md-auto h-col-auto style-2355-outer style-local-1144-c8-outer\">\n            <div data-colibri-id=\"1144-c8\" class=\"d-flex h-flex-basis h-column__inner h-px-lg-2 h-px-md-2 h-px-2 v-inner-lg-2 v-inner-md-2 v-inner-2 style-2355 style-local-1144-c8 position-relative\">\n              <!---->\n              <!---->\n              <div class=\"w-100 h-y-container h-column__content h-column__v-align flex-basis-100 align-self-lg-start align-self-md-start align-self-start\">\n                <!---->\n                <div data-colibri-id=\"1144-c9\" class=\"h-text h-text-component style-2356 style-local-1144-c9 position-relative h-element\">\n                  <!---->\n                  <!---->\n                  <div class=\"\">\n                    <p>Notre r\u00e9pertoire est vari\u00e9 et \u00e0 dominance sacr\u00e9e. Nous chantons :<\/p>\n                    <ul>\n                      <li>les op\u00e9ras King Arthur et Didon et En\u00e9e de Purcell,<\/li>\n                      <li>le Beatus Vir de Monteverdi,<\/li>\n                      <li>la Messe de minuit et Reniement de Saint Pierre de Charpentier,<\/li>\n                      <li>le Miserere d\u2019Allegri,<\/li>\n                      <li>les Gloria, Credo, Magnificat et Dixit Dominus de Vivaldi,<\/li>\n                      <li>la Passion selon Saint Jean de Bach,<\/li>\n                      <li>les oratorios \u00ab Les Saisons \u00bb, \u00ab La Cr\u00e9ation \u00bb et la Messe Saint Jean de Dieu de Haydn,<\/li>\n                      <li>la Messe du couronnement, les V\u00eapres solennelles et la Grande Messe en Ut de Mozart,<\/li>\n                      <li>le Psaume 42 de Mendelssohn,<\/li>\n                      <li>la Messe Allemande de Schubert,<\/li>\n                      <li>le Requiem allemand de Brahms,<\/li>\n                      <li>les Motets de Bruckner, des \u0153uvres de Berlioz,<\/li>\n                      <li>la Messa di Gloria de Puccini,<\/li>\n                      <li>la Messe chorale et Gallia de Gounod,<\/li>\n                      <li>le Requiem de Faur\u00e9,<\/li>\n                      <li>les Danses polovstiennes de Borodine,<\/li>\n                      <li>les Extraits des V\u00eapres de Rachmaninov et de la liturgie orthodoxe,<\/li>\n                      <li>le Requiem et les motets de Durufl\u00e9, les motets de Bruckner,<\/li>\n                      <li>les ch\u0153urs d\u2019op\u00e9ras fran\u00e7ais et italien, avec Rameau, Lully, Bizet et Verdi, Puccini, Donizetti, Mascagni\u2026<\/li>\n                    <\/ul>\n                  <\/div>\n                <\/div>\n              <\/div>\n            <\/div>\n          <\/div>\n        <\/div>\n      <\/div>\n      <div data-colibri-id=\"1144-c10\" class=\"h-row-container gutters-row-lg-2 gutters-row-md-2 gutters-row-0 gutters-row-v-lg-2 gutters-row-v-md-2 gutters-row-v-2 style-2357 style-local-1144-c10 position-relative\">\n        <!---->\n        <div class=\"h-row justify-content-lg-center justify-content-md-center justify-content-center align-items-lg-stretch align-items-md-stretch align-items-stretch gutters-col-lg-2 gutters-col-md-2 gutters-col-0 gutters-col-v-lg-2 gutters-col-v-md-2 gutters-col-v-2\">\n          <!---->\n          <div class=\"h-column h-column-container d-flex h-col-lg-auto h-col-md-auto h-col-auto style-2358-outer style-local-1144-c11-outer\">\n            <div data-colibri-id=\"1144-c11\" class=\"d-flex h-flex-basis h-column__inner h-px-lg-2 h-px-md-2 h-px-2 v-inner-lg-2 v-inner-md-2 v-inner-2 style-2358 style-local-1144-c11 position-relative\">\n              <!---->\n              <!---->\n              <div class=\"w-100 h-y-container h-column__content h-column__v-align flex-basis-100 align-self-lg-start align-self-md-start align-self-start\">\n                <!---->\n                <div data-colibri-id=\"1144-c12\" class=\"h-x-container style-1687 style-local-1144-c12 position-relative h-element\">\n                  <!---->\n                  <div class=\"h-x-container-inner style-dynamic-1144-c12-group style-1687-spacing style-local-1144-c12-spacing\"><span class=\"h-button__outer style-1688-outer style-local-1144-c13-outer d-inline-flex h-element\"><a h-use-smooth-scroll=\"true\" href=\"https:\/\/omusica.fr\/?page_id=2569\" target=\"_blank\"  data-colibri-id=\"1144-c13\" class=\"d-flex w-100 align-items-center h-button justify-content-lg-center justify-content-md-center justify-content-center style-1688 style-local-1144-c13 position-relative\"><!----><!----> <span>en savoir + sur l&#8217;histoire et tous les concerts d&#8217;o musica depuis 1992<\/span><\/a>\n                    <\/span>\n                  <\/div>\n                <\/div>\n              <\/div>\n            <\/div>\n          <\/div>\n        <\/div>\n      <\/div>\n    <\/div>\n  <\/div>\n<\/div>","protected":false},"excerpt":{"rendered":"<p>Notre r\u00e9pertoire Notre r\u00e9pertoire est vari\u00e9 et \u00e0 dominance sacr\u00e9e. Nous chantons : les op\u00e9ras King Arthur et Didon et En\u00e9e de Purcell, le Beatus Vir de Monteverdi, la Messe de minuit et Reniement de Saint Pierre de Charpentier, le Miserere d\u2019Allegri, les Gloria, Credo, Magnificat et Dixit Dominus de Vivaldi, la Passion selon Saint [&hellip;]<\/p>\n","protected":false},"author":3,"featured_media":0,"parent":312,"menu_order":0,"comment_status":"closed","ping_status":"closed","template":"page-templates\/full-width-page.php","meta":{"_monsterinsights_skip_tracking":false,"_monsterinsights_sitenote_active":false,"_monsterinsights_sitenote_note":"","_monsterinsights_sitenote_category":0,"footnotes":""},"class_list":["post-1144","page","type-page","status-publish","hentry"],"aioseo_notices":[],"_links":{"self":[{"href":"https:\/\/omusica.fr\/index.php?rest_route=\/wp\/v2\/pages\/1144","targetHints":{"allow":["GET"]}}],"collection":[{"href":"https:\/\/omusica.fr\/index.php?rest_route=\/wp\/v2\/pages"}],"about":[{"href":"https:\/\/omusica.fr\/index.php?rest_route=\/wp\/v2\/types\/page"}],"author":[{"embeddable":true,"href":"https:\/\/omusica.fr\/index.php?rest_route=\/wp\/v2\/users\/3"}],"replies":[{"embeddable":true,"href":"https:\/\/omusica.fr\/index.php?rest_route=%2Fwp%2Fv2%2Fcomments&post=1144"}],"version-history":[{"count":14,"href":"https:\/\/omusica.fr\/index.php?rest_route=\/wp\/v2\/pages\/1144\/revisions"}],"predecessor-version":[{"id":6386,"href":"https:\/\/omusica.fr\/index.php?rest_route=\/wp\/v2\/pages\/1144\/revisions\/6386"}],"up":[{"embeddable":true,"href":"https:\/\/omusica.fr\/index.php?rest_route=\/wp\/v2\/pages\/312"}],"wp:attachment":[{"href":"https:\/\/omusica.fr\/index.php?rest_route=%2Fwp%2Fv2%2Fmedia&parent=1144"}],"curies":[{"name":"wp","href":"https:\/\/api.w.org\/{rel}","templated":true}]}}