{"id":1149,"date":"2022-10-08T20:28:14","date_gmt":"2022-10-08T18:28:14","guid":{"rendered":"https:\/\/omusica.fr\/?page_id=1149"},"modified":"2026-02-13T14:55:41","modified_gmt":"2026-02-13T13:55:41","slug":"saison-2023-2024","status":"publish","type":"page","link":"https:\/\/omusica.fr\/?page_id=1149","title":{"rendered":"Saison 2024-2025"},"content":{"rendered":"<div data-colibri-id=\"1149-c1\" class=\"style-923 style-local-1149-c1 position-relative\">\n  <!---->\n  <div data-colibri-component=\"section\" data-colibri-id=\"1149-c2\" id=\"initial-content\" class=\"h-section h-section-global-spacing d-flex align-items-lg-center align-items-md-center align-items-center style-924 style-local-1149-c2 position-relative\">\n    <!---->\n    <!---->\n    <div class=\"h-section-grid-container h-section-boxed-container\">\n      <!---->\n      <div data-colibri-id=\"1149-c3\" class=\"h-row-container gutters-row-lg-2 gutters-row-md-2 gutters-row-0 gutters-row-v-lg-2 gutters-row-v-md-2 gutters-row-v-2 style-1320 style-local-1149-c3 position-relative\">\n        <!---->\n        <div class=\"h-row justify-content-lg-center justify-content-md-center justify-content-center align-items-lg-stretch align-items-md-stretch align-items-stretch gutters-col-lg-2 gutters-col-md-2 gutters-col-0 gutters-col-v-lg-2 gutters-col-v-md-2 gutters-col-v-2\">\n          <!---->\n          <div class=\"h-column h-column-container d-flex h-col-lg-auto h-col-md-auto h-col-auto style-1321-outer style-local-1149-c4-outer\">\n            <div data-colibri-id=\"1149-c4\" class=\"d-flex h-flex-basis h-column__inner h-px-lg-2 h-px-md-2 h-px-2 v-inner-lg-2 v-inner-md-2 v-inner-2 style-1321 style-local-1149-c4 position-relative\">\n              <!---->\n              <!---->\n              <div class=\"w-100 h-y-container h-column__content h-column__v-align flex-basis-100 align-self-lg-start align-self-md-start align-self-start\">\n                <!---->\n                <div data-colibri-id=\"1149-c5\" class=\"h-global-transition-all h-heading style-1857 style-local-1149-c5 position-relative h-element\">\n                  <!---->\n                  <div class=\"h-heading__outer style-1857 style-local-1149-c5\">\n                    <!---->\n                    <!---->\n                    <h1 class=\"\"><strong>Saison 2025\/2026<br><\/strong><\/h1>\n                  <\/div>\n                <\/div>\n                <div data-colibri-id=\"1149-c6\" class=\"h-global-transition-all h-heading style-2677 style-local-1149-c6 position-relative h-element\">\n                  <!---->\n                  <div class=\"h-heading__outer style-2677 style-local-1149-c6\">\n                    <!---->\n                    <!---->\n                    <h2 class=\"\">Des \u0153uvres romantiques au programme<\/h2>\n                  <\/div>\n                <\/div>\n                <div data-colibri-id=\"1149-c7\" class=\"h-row-container gutters-row-lg-2 gutters-row-md-2 gutters-row-0 gutters-row-v-lg-2 gutters-row-v-md-2 gutters-row-v-2 style-1952 style-local-1149-c7 position-relative\">\n                  <!---->\n                  <div class=\"h-row justify-content-lg-center justify-content-md-center justify-content-center align-items-lg-stretch align-items-md-stretch align-items-stretch gutters-col-lg-2 gutters-col-md-2 gutters-col-0 gutters-col-v-lg-2 gutters-col-v-md-2 gutters-col-v-2\">\n                    <!---->\n                    <div class=\"h-column h-column-container d-flex h-col-lg-6 h-col-md-6 h-col-12 style-1953-outer style-local-1149-c8-outer\">\n                      <div data-colibri-id=\"1149-c8\" class=\"d-flex h-flex-basis h-column__inner h-px-lg-2 h-px-md-2 h-px-2 v-inner-lg-2 v-inner-md-2 v-inner-2 style-1953 style-local-1149-c8 position-relative\">\n                        <!---->\n                        <!---->\n                        <div class=\"w-100 h-y-container h-column__content h-column__v-align flex-basis-100 align-self-lg-start align-self-md-start align-self-start\">\n                          <!---->\n                          <div data-colibri-id=\"1149-c9\" class=\"d-block style-1955 style-local-1149-c9 position-relative h-element\">\n                            <!---->\n                            <div class=\"h-image__frame-container-outer\">\n                              <a href=\"https:\/\/www.tourisme-maisonslaffitte.fr\/events\/concert-du-rotary-requiem-de-faure-vepres-solennelles-de-mozart\/\" h-use-smooth-scroll=\"true\" class=\"image-link\">\n                                <div class=\"h-image__frame-container\">\n                                  <!---->\n                                  <!---->\n                                  <img loading=\"lazy\" decoding=\"async\" width=\"1241\" height=\"1755\" src=\"https:\/\/omusica.fr\/wp-content\/uploads\/2026\/02\/2026-03-22-concert-FFSP-O-Musica.jpg\" class=\"wp-image-6236 style-1955-image style-local-1149-c9-image\" alt=\"2026-03-22 concert FFSP O Musica\" srcset=\"https:\/\/omusica.fr\/wp-content\/uploads\/2026\/02\/2026-03-22-concert-FFSP-O-Musica.jpg 1241w, https:\/\/omusica.fr\/wp-content\/uploads\/2026\/02\/2026-03-22-concert-FFSP-O-Musica-212x300.jpg 212w, https:\/\/omusica.fr\/wp-content\/uploads\/2026\/02\/2026-03-22-concert-FFSP-O-Musica-724x1024.jpg 724w, https:\/\/omusica.fr\/wp-content\/uploads\/2026\/02\/2026-03-22-concert-FFSP-O-Musica-768x1086.jpg 768w, https:\/\/omusica.fr\/wp-content\/uploads\/2026\/02\/2026-03-22-concert-FFSP-O-Musica-1086x1536.jpg 1086w\" sizes=\"auto, (max-width: 1241px) 100vw, 1241px\" \/>\n                                  <div class=\"h-image__frame h-hide-lg h-hide-md h-hide-sm style-1955-frameImage style-local-1149-c9-frameImage\"><\/div>\n                                <\/div>\n                              <\/a>\n                            <\/div>\n                          <\/div>\n                        <\/div>\n                      <\/div>\n                    <\/div>\n                    <div class=\"h-column h-column-container d-flex h-col-lg-6 h-col-md-6 h-col-12 style-1954-outer style-local-1149-c10-outer\">\n                      <div data-colibri-id=\"1149-c10\" class=\"d-flex h-flex-basis h-column__inner h-px-lg-2 h-px-md-2 h-px-2 v-inner-lg-2 v-inner-md-2 v-inner-2 style-1954 style-local-1149-c10 position-relative\">\n                        <!---->\n                        <!---->\n                        <div class=\"w-100 h-y-container h-column__content h-column__v-align flex-basis-100 align-self-lg-start align-self-md-start align-self-start\">\n                          <!---->\n                          <div data-colibri-id=\"1149-c11\" class=\"h-text h-text-component style-1956 style-local-1149-c11 position-relative h-element\">\n                            <!---->\n                            <!---->\n                            <div class=\"\">\n                              <p>Le ch\u0153ur O Musica est heureux de vous convier \u00e0 son concert caritatif annuel au profit de la fondation France Scl\u00e9rose en Plaques, le dimanche 22 mars \u00e0 15h30 \u00e0 l&#8217;\u00e9glise Sainte-Pauline au V\u00e9sinet.<\/p>\n                              <p>Au programme : des \u0153uvres romantiques fran\u00e7aises, allemandes et slovaques de Bartok, Delibes, Berlioz, Faur\u00e9, Saint-Sa\u00ebns, Schumann, Mendelssohn\u2026 accompagn\u00e9es au piano. L&#8217;ensemble vocal Myriade de Poissy, ch\u0153ur invit\u00e9 cette\n                                ann\u00e9e, interpr\u00e8tera des \u0153uvres de musique anglaise. La soprano interpr\u00e8tera quant \u00e0 elle des airs d&#8217;op\u00e9ra italien.<\/p>\n                              <p>Vous \u00eates tous chaleureusement invit\u00e9s \u00e0 ce concert solidaire. L&#8217;entr\u00e9e est libre, avec une libre participation aux frais lors de l&#8217;entracte.<\/p>\n                              <p>Rdv \u00e0 15h30 \u00e0 l&#8217;\u00e9glise Sainte-Pauline\n                                <br>55 boulevard d&#8217;Angleterre, 78110 Le V\u00e9sinet<\/p>\n                            <\/div>\n                          <\/div>\n                        <\/div>\n                      <\/div>\n                    <\/div>\n                  <\/div>\n                <\/div>\n                <div data-colibri-id=\"1149-c13\" class=\"h-global-transition-all h-heading style-1950 style-local-1149-c13 position-relative h-element\">\n                  <!---->\n                  <div class=\"h-heading__outer style-1950 style-local-1149-c13\">\n                    <!---->\n                    <!---->\n                    <h2 class=\"\"><strong>Retour sur la saison 2024-2025<\/strong><\/h2>\n                  <\/div>\n                <\/div>\n                <div data-colibri-id=\"1149-c14\" class=\"h-divider style-1860 style-local-1149-c14 position-relative h-element\">\n                  <!----><span class=\"h-divider__line style-1860-line style-local-1149-c14-line style-1860-line style-local-1149-c14-line\"><\/span><\/div>\n              <\/div>\n            <\/div>\n          <\/div>\n        <\/div>\n      <\/div>\n    <\/div>\n  <\/div>\n  <div data-colibri-component=\"section\" data-colibri-id=\"1149-c15\" id=\"custom-2\" class=\"h-section h-section-global-spacing d-flex align-items-lg-center align-items-md-center align-items-center style-991 style-local-1149-c15 position-relative\">\n    <!---->\n    <!---->\n    <div class=\"h-section-grid-container h-section-boxed-container\">\n      <!---->\n      <div data-colibri-id=\"1149-c16\" class=\"h-row-container gutters-row-lg-2 gutters-row-md-2 gutters-row-0 gutters-row-v-lg-2 gutters-row-v-md-2 gutters-row-v-2 style-2867 style-local-1149-c16 position-relative\">\n        <!---->\n        <div class=\"h-row justify-content-lg-center justify-content-md-center justify-content-center align-items-lg-stretch align-items-md-stretch align-items-stretch gutters-col-lg-2 gutters-col-md-2 gutters-col-0 gutters-col-v-lg-2 gutters-col-v-md-2 gutters-col-v-2\">\n          <!---->\n          <div class=\"h-column h-column-container d-flex h-col-lg-auto h-col-md-auto h-col-auto style-2868-outer style-local-1149-c17-outer\">\n            <div data-colibri-id=\"1149-c17\" class=\"d-flex h-flex-basis h-column__inner h-px-lg-2 h-px-md-2 h-px-2 v-inner-lg-2 v-inner-md-2 v-inner-2 style-2868 style-local-1149-c17 position-relative\">\n              <!---->\n              <!---->\n              <div class=\"w-100 h-y-container h-column__content h-column__v-align flex-basis-100 align-self-lg-start align-self-md-start align-self-start\">\n                <!---->\n                <div data-colibri-id=\"1149-c18\" class=\"h-text h-text-component style-1858 style-local-1149-c18 position-relative h-element\">\n                  <!---->\n                  <!---->\n                  <div class=\"\">\n                    <p>Une saison&nbsp;sous \u201cl\u2019\u00e9gide\u201d de Mozart, avec nos amis choristes de Plein Chant, avec&nbsp;les&nbsp;V\u00eapres solennelles et&nbsp;la&nbsp;Messe en ut mineur, dite \u201cGrande messe\u201d, \u0153uvre inachev\u00e9e compos\u00e9e entre 1782 et 1783 et qui est\n                      consid\u00e9r\u00e9e comme l\u2019une des \u0153uvres majeures du r\u00e9pertoire de Mozart :&nbsp;<\/p>\n                    <ul>\n                      <li>Concert caritatif le 31 janvier 2025 : concert caritatif du Rotary \u00e0 l\u2019\u00e9glise Saint-Nicolas \u00e0 Maisons-Laffitte, en collaboration avec Plein Chant. Au programme : les V\u00eapres solennelles (concert commun) et le Requiem de Faur\u00e9 (Plein\n                        Chant et volontaires d\u2019O Musica).<\/li>\n                      <li>Concert caritatif annuel le 23 mars 2025 au profit de la fondation France Scl\u00e9rose en Plaques (ex-<span style=\"font-weight: 600; font-size: 20px; font-family: Assistant; color: rgb(9, 33, 42);\">ARSEP), avec le ch\u0153ur Musicolor et la soprano Carole Chabry et ses \u00e9l\u00e8ves.<\/span><\/li>\n                      <li>Concerts le&nbsp;23 mai 2025 \u00e0 l\u2019\u00e9glise Sainte-Marguerite au V\u00e9sinet et le 24 mai 2025&nbsp;<span style=\"font-weight: 600; font-size: 20px; font-family: Assistant; color: rgb(9, 33, 42);\">\u00e0 l\u2019\u00e9glise Saint-Germain \u00e0 Saint-Germain-en-Laye. Au programme : les&nbsp;V\u00eapres solennelles (dirig\u00e9es par Pascal Bezard) et&nbsp;la&nbsp;Messe en ut mineur (dirig\u00e9e par&nbsp;<\/span>&nbsp;\n                        <span\n                          style=\"font-size: 20px; font-family: Assistant; color: rgb(9, 33, 42);\">Sandrine Carpentier)<\/span><span style=\"font-size: 20px; font-family: Assistant; color: rgb(9, 33, 42); font-weight: 600;\">.&nbsp;Nous avons \u00e9t\u00e9 accompagn\u00e9s<\/span><span style=\"font-size: 20px; font-family: Assistant; color: inherit; font-weight: 600;\">&nbsp;<\/span>&nbsp;\n                          <span\n                            style=\"font-size: 20px; font-family: Assistant; color: rgb(9, 33, 42); font-weight: 600;\">par quatre solistes professionnels formidables \u2013&nbsp;<\/span><span style=\"font-size: 20px; font-family: Assistant; color: rgb(9, 33, 42);\">Isabelle Philippe (soprano), Annouk Jobic (mezzo-soprano), Mathieu Justine (t\u00e9nor) et Benoit Riou (basse) \u2013 e<\/span>\n                            <span\n                              style=\"font-size: 20px; font-family: Assistant; color: rgb(9, 33, 42); font-weight: 600;\">t par un orchestre tout aussi agr\u00e9able et tr\u00e8s pro,&nbsp;<\/span><span style=\"font-size: 20px; font-family: Assistant; color: rgb(9, 33, 42);\">l\u2019Orchestre Della Siota.&nbsp;<\/span><span style=\"font-size: 20px; font-family: Assistant; color: rgb(9, 33, 42); font-weight: 600;\">Un public nombreux et conquis lors de ces deux soir\u00e9es !&nbsp;&nbsp;<\/span><\/li>\n                    <\/ul>\n                  <\/div>\n                <\/div>\n              <\/div>\n            <\/div>\n          <\/div>\n        <\/div>\n      <\/div>\n      <div data-colibri-id=\"1149-c19\" class=\"h-row-container gutters-row-lg-0 gutters-row-md-0 gutters-row-0 gutters-row-v-lg-0 gutters-row-v-md-0 gutters-row-v-0 style-992 style-local-1149-c19 position-relative\">\n        <!---->\n        <div class=\"h-row justify-content-lg-center justify-content-md-center justify-content-center align-items-lg-stretch align-items-md-stretch align-items-stretch gutters-col-lg-0 gutters-col-md-0 gutters-col-0 gutters-col-v-lg-0 gutters-col-v-md-0 gutters-col-v-0\">\n          <!---->\n          <div class=\"h-column h-column-container d-flex h-col-lg-auto h-col-md-auto h-col-auto style-993-outer style-local-1149-c20-outer\">\n            <div data-colibri-id=\"1149-c20\" class=\"d-flex h-flex-basis h-column__inner h-px-lg-1 h-px-md-1 h-px-1 v-inner-lg-1 v-inner-md-1 v-inner-1 style-993 style-local-1149-c20 position-relative\">\n              <!---->\n              <!---->\n              <div class=\"w-100 h-y-container h-column__content h-column__v-align flex-basis-100 align-self-lg-start align-self-md-start align-self-start\">\n                <!---->\n                <div data-colibri-id=\"1149-c21\" class=\"h-text h-text-component style-1335 style-local-1149-c21 position-relative h-element\">\n                  <!---->\n                  <!---->\n                  <div class=\"\">\n                    <p>Suivez-nous sur les r\u00e9seaux sociaux pour conna\u00eetre l&#8217;actualit\u00e9 d&#8217;O Musica :<\/p>\n                  <\/div>\n                <\/div>\n                <div data-colibri-id=\"1149-c22\" class=\"style-1290 style-local-1149-c22 position-relative h-element\">\n                  <!---->\n                  <div class=\"d-flex flex-wrap h-social-icons justify-content-lg-start justify-content-md-start justify-content-start\">\n                    <div class=\"social-icon-container d-inline-flex\">\n                      <a href=\"https:\/\/www.facebook.com\/ensemblevocalomusica\" target=\"_blank\" h-use-smooth-scroll=\"true\">\n                        <div class=\"icon-container h-social-icon h-global-transition\">\n                          <div class=\"h-icon-svg\" style=\"width: 100%; height: 100%;\">\n                            <!--Icon by Font Awesome (https:\/\/fontawesome.com)-->\n                            <svg version=\"1.1\" xmlns=\"http:\/\/www.w3.org\/2000\/svg\" xmlns:xlink=\"http:\/\/www.w3.org\/1999\/xlink\" id=\"facebook-square\" viewBox=\"0 0 1536 1896.0833\">\n                              <path d=\"M1248 128q119 0 203.5 84.5T1536 416v960q0 119-84.5 203.5T1248 1664h-188v-595h199l30-232h-229V689q0-56 23.5-84t91.5-28l122-1V369q-63-9-178-9-136 0-217.5 80T820 666v171H620v232h200v595H288q-119 0-203.5-84.5T0 1376V416q0-119 84.5-203.5T288 128h960z\"><\/path>\n                            <\/svg>\n                          <\/div>\n                        <\/div>\n                      <\/a>\n                    <\/div>\n                    <div class=\"social-icon-container d-inline-flex\">\n                      <a href=\"https:\/\/twitter.com\/OMusica78\" target=\"_blank\" h-use-smooth-scroll=\"true\">\n                        <div class=\"icon-container h-social-icon h-global-transition\">\n                          <div class=\"h-icon-svg\" style=\"width: 100%; height: 100%;\">\n                            <!--Icon by Font Awesome (https:\/\/fontawesome.com)-->\n                            <svg version=\"1.1\" xmlns=\"http:\/\/www.w3.org\/2000\/svg\" xmlns:xlink=\"http:\/\/www.w3.org\/1999\/xlink\" id=\"twitter-square\" viewBox=\"0 0 1536 1896.0833\">\n                              <path d=\"M1280 610q-56 25-121 34 68-40 93-117-65 38-134 51-61-66-153-66-87 0-148.5 61.5T755 722q0 29 5 48-129-7-242-65T326 550q-29 50-29 106 0 114 91 175-47-1-100-26v2q0 75 50 133.5t123 72.5q-29 8-51 8-13 0-39-4 21 63 74.5 104t121.5 42q-116 90-261 90-26 0-50-3 148 94 322 94 112 0 210-35.5t168-95 120.5-137 75-162T1176 746q0-18-1-27 63-45 105-109zm256-194v960q0 119-84.5 203.5T1248 1664H288q-119 0-203.5-84.5T0 1376V416q0-119 84.5-203.5T288 128h960q119 0 203.5 84.5T1536 416z\"><\/path>\n                            <\/svg>\n                          <\/div>\n                        <\/div>\n                      <\/a>\n                    <\/div>\n                    <div class=\"social-icon-container d-inline-flex\">\n                      <a href=\"https:\/\/www.instagram.com\/omusica.ensemble.vocal.vesinet\/\" target=\"_blank\" h-use-smooth-scroll=\"true\">\n                        <div class=\"icon-container h-social-icon h-global-transition\">\n                          <div class=\"h-icon-svg\" style=\"width: 100%; height: 100%;\">\n                            <!--Icon by Socicon (http:\/\/www.socicon.com)-->\n                            <svg version=\"1.1\" xmlns=\"http:\/\/www.w3.org\/2000\/svg\" viewBox=\"0 0 1500 1500\">\n\n                              <path d=\"M750 134.766c202.148 0 222.656 2.93 301.758 5.859 76.172 2.93 114.258 14.648 140.625 23.438 35.156 14.648 61.523 32.227 84.961 55.664 26.367 26.367 43.945 52.734 55.664 84.961 11.719 29.297 23.438 67.383 26.367 140.625 2.93 82.031 5.859 102.539 5.859 304.688s-2.93 222.656-5.859 301.758c-2.93 76.172-14.648 114.258-23.438 140.625-14.648 35.156-32.227 61.523-55.664 84.961-26.367 26.367-52.734 43.945-84.961 55.664-29.297 11.719-67.383 23.438-140.625 26.367-82.031 2.93-102.539 5.859-304.688 5.859s-222.656-2.93-301.758-5.859c-76.172-2.93-114.258-14.648-140.625-23.438-35.156-14.648-61.523-32.227-84.961-55.664-26.367-26.367-43.945-52.734-55.664-84.961-11.719-29.297-23.438-67.383-26.367-140.625-2.93-82.031-5.859-102.539-5.859-304.688s2.93-222.656 5.859-301.758c2.93-76.172 14.648-114.258 23.438-140.625 14.648-35.156 32.227-61.523 55.664-84.961 26.367-26.367 52.734-43.945 84.961-55.664 29.297-11.719 67.383-23.438 140.625-26.367 82.031-2.93 102.539-5.859 304.688-5.859M750 0c-205.078 0-228.516 2.93-307.617 5.859-82.031 2.93-137.695 14.648-181.641 32.227-49.805 20.508-93.75 46.875-134.766 87.891s-67.383 84.961-87.891 134.766c-17.578 46.875-29.297 99.609-32.227 181.641-2.93 79.102-5.859 102.539-5.859 307.617s2.93 228.516 5.859 307.617c2.93 82.031 14.648 137.695 32.227 181.641 20.508 49.805 46.875 93.75 87.891 134.766s84.961 67.383 134.766 87.891c46.875 17.578 99.609 29.297 181.641 32.227 79.102 2.93 102.539 5.859 307.617 5.859s228.516-2.93 307.617-5.859c82.031-2.93 137.695-14.648 181.641-32.227 49.805-20.508 93.75-46.875 134.766-87.891s67.383-84.961 87.891-134.766c17.578-46.875 29.297-99.609 32.227-181.641 2.93-79.102 5.859-102.539 5.859-307.617s-2.93-228.516-5.859-307.617c-2.93-82.031-14.648-137.695-32.227-181.641-20.508-49.805-46.875-93.75-87.891-134.766s-84.961-67.383-134.766-87.891c-46.875-17.578-99.609-29.297-181.641-32.227-79.102-2.93-102.539-5.859-307.617-5.859zM750 363.281c-213.867 0-386.719 172.852-386.719 386.719s172.852 386.719 386.719 386.719c213.867 0 386.719-172.852 386.719-386.719s-172.852-386.719-386.719-386.719zM750 1001.953c-137.695 0-251.953-114.258-251.953-251.953s114.258-251.953 251.953-251.953c137.695 0 251.953 114.258 251.953 251.953s-114.258 251.953-251.953 251.953zM1239.258 348.633c0 49.805-38.086 90.82-87.891 90.82s-90.82-41.016-90.82-90.82c0-49.805 41.016-87.891 90.82-87.891s87.891 38.086 87.891 87.891z\"><\/path>\n                            <\/svg>\n                          <\/div>\n                        <\/div>\n                      <\/a>\n                    <\/div>\n                    <div class=\"social-icon-container d-inline-flex\">\n                      <a href=\"https:\/\/www.flickr.com\/photos\/196905320@N08\/\" target=\"_blank\" h-use-smooth-scroll=\"true\">\n                        <div class=\"icon-container h-social-icon h-global-transition\">\n                          <div class=\"h-icon-svg\" style=\"width: 100%; height: 100%;\">\n                            <!--Icon by Socicon (http:\/\/www.socicon.com)-->\n                            <svg version=\"1.1\" xmlns=\"http:\/\/www.w3.org\/2000\/svg\" viewBox=\"0 0 1500 1500\">\n\n                              <path d=\"M339.844 1089.844c-187.5 0-339.844-152.344-339.844-339.844s152.344-339.844 339.844-339.844c187.5 0 339.844 152.344 339.844 339.844s-152.344 339.844-339.844 339.844zM1160.156 1089.844c-187.5 0-339.844-152.344-339.844-339.844s152.344-339.844 339.844-339.844c187.5 0 339.844 152.344 339.844 339.844s-152.344 339.844-339.844 339.844z\"><\/path>\n                            <\/svg>\n                          <\/div>\n                        <\/div>\n                      <\/a>\n                    <\/div>\n                  <\/div>\n                <\/div>\n              <\/div>\n            <\/div>\n          <\/div>\n        <\/div>\n      <\/div>\n    <\/div>\n  <\/div>\n<\/div>","protected":false},"excerpt":{"rendered":"<p>Saison 2025\/2026 Des \u0153uvres romantiques au programme Le ch\u0153ur O Musica est heureux de vous convier \u00e0 son concert caritatif annuel au profit de la fondation France Scl\u00e9rose en Plaques, le dimanche 22 mars \u00e0 15h30 \u00e0 l&#8217;\u00e9glise Sainte-Pauline au V\u00e9sinet. Au programme : des \u0153uvres romantiques fran\u00e7aises, allemandes et slovaques de Bartok, Delibes, Berlioz, [&hellip;]<\/p>\n","protected":false},"author":3,"featured_media":0,"parent":314,"menu_order":0,"comment_status":"closed","ping_status":"closed","template":"page-templates\/full-width-page.php","meta":{"_monsterinsights_skip_tracking":false,"_monsterinsights_sitenote_active":false,"_monsterinsights_sitenote_note":"","_monsterinsights_sitenote_category":0,"footnotes":""},"class_list":["post-1149","page","type-page","status-publish","hentry"],"aioseo_notices":[],"_links":{"self":[{"href":"https:\/\/omusica.fr\/index.php?rest_route=\/wp\/v2\/pages\/1149","targetHints":{"allow":["GET"]}}],"collection":[{"href":"https:\/\/omusica.fr\/index.php?rest_route=\/wp\/v2\/pages"}],"about":[{"href":"https:\/\/omusica.fr\/index.php?rest_route=\/wp\/v2\/types\/page"}],"author":[{"embeddable":true,"href":"https:\/\/omusica.fr\/index.php?rest_route=\/wp\/v2\/users\/3"}],"replies":[{"embeddable":true,"href":"https:\/\/omusica.fr\/index.php?rest_route=%2Fwp%2Fv2%2Fcomments&post=1149"}],"version-history":[{"count":21,"href":"https:\/\/omusica.fr\/index.php?rest_route=\/wp\/v2\/pages\/1149\/revisions"}],"predecessor-version":[{"id":6260,"href":"https:\/\/omusica.fr\/index.php?rest_route=\/wp\/v2\/pages\/1149\/revisions\/6260"}],"up":[{"embeddable":true,"href":"https:\/\/omusica.fr\/index.php?rest_route=\/wp\/v2\/pages\/314"}],"wp:attachment":[{"href":"https:\/\/omusica.fr\/index.php?rest_route=%2Fwp%2Fv2%2Fmedia&parent=1149"}],"curies":[{"name":"wp","href":"https:\/\/api.w.org\/{rel}","templated":true}]}}