{"id":1160,"date":"2022-10-08T20:30:14","date_gmt":"2022-10-08T18:30:14","guid":{"rendered":"https:\/\/omusica.fr\/?page_id=1160"},"modified":"2026-02-13T14:46:51","modified_gmt":"2026-02-13T13:46:51","slug":"notre-actualite","status":"publish","type":"page","link":"https:\/\/omusica.fr\/?page_id=1160","title":{"rendered":"Notre actualit\u00e9"},"content":{"rendered":"<div data-colibri-id=\"1160-c1\" class=\"style-1032 style-local-1160-c1 position-relative\">\n  <!---->\n  <div data-colibri-component=\"section\" data-colibri-id=\"1160-c2\" id=\"custom-2\" class=\"h-section h-section-global-spacing d-flex align-items-lg-center align-items-md-center align-items-center style-1037 style-local-1160-c2 position-relative\">\n    <!---->\n    <!---->\n    <div class=\"h-section-grid-container h-section-boxed-container\">\n      <!---->\n      <div data-colibri-id=\"1160-c3\" class=\"h-row-container gutters-row-lg-2 gutters-row-md-2 gutters-row-0 gutters-row-v-lg-2 gutters-row-v-md-2 gutters-row-v-2 style-1850 style-local-1160-c3 position-relative\">\n        <!---->\n        <div class=\"h-row justify-content-lg-center justify-content-md-center justify-content-center align-items-lg-stretch align-items-md-stretch align-items-stretch gutters-col-lg-2 gutters-col-md-2 gutters-col-0 gutters-col-v-lg-2 gutters-col-v-md-2 gutters-col-v-2\">\n          <!---->\n          <div class=\"h-column h-column-container d-flex h-col-lg-auto h-col-md-auto h-col-auto style-1851-outer style-local-1160-c4-outer\">\n            <div data-colibri-id=\"1160-c4\" class=\"d-flex h-flex-basis h-column__inner h-px-lg-2 h-px-md-2 h-px-2 v-inner-lg-2 v-inner-md-2 v-inner-2 style-1851 style-local-1160-c4 position-relative\">\n              <!---->\n              <!---->\n              <div class=\"w-100 h-y-container h-column__content h-column__v-align flex-basis-100 align-self-lg-start align-self-md-start align-self-start\">\n                <!---->\n                <div data-colibri-id=\"1160-c5\" class=\"h-global-transition-all h-heading style-1338 style-local-1160-c5 position-relative h-element\">\n                  <!---->\n                  <div class=\"h-heading__outer style-1338 style-local-1160-c5\">\n                    <!---->\n                    <!---->\n                    <h1 class=\"\"><strong>Actualit\u00e9s \u00e0 la Une<\/strong><\/h1>\n                  <\/div>\n                <\/div>\n                <div data-colibri-id=\"1160-c6\" class=\"style-2405 style-local-1160-c6 position-relative h-element\">\n                  <!---->\n                <\/div>\n                <div data-colibri-id=\"1160-c7\" class=\"h-global-transition-all h-heading style-2366 style-local-1160-c7 position-relative h-element\">\n                  <!---->\n                  <div class=\"h-heading__outer style-2366 style-local-1160-c7\">\n                    <!---->\n                    <!---->\n                    <h2 class=\"\">Une nouvelle saison<\/h2>\n                  <\/div>\n                <\/div>\n              <\/div>\n            <\/div>\n          <\/div>\n        <\/div>\n      <\/div>\n    <\/div>\n  <\/div>\n  <div data-colibri-component=\"section\" data-colibri-id=\"1160-c8\" id=\"custom\" class=\"h-section h-section-global-spacing d-flex align-items-lg-center align-items-md-center align-items-center style-2390 style-local-1160-c8 position-relative\">\n    <!---->\n    <!---->\n    <div class=\"h-section-grid-container h-section-boxed-container\">\n      <!---->\n      <div data-colibri-id=\"1160-c9\" class=\"h-row-container gutters-row-lg-2 gutters-row-md-2 gutters-row-0 gutters-row-v-lg-2 gutters-row-v-md-2 gutters-row-v-2 style-2391 style-local-1160-c9 position-relative\">\n        <!---->\n        <div class=\"h-row justify-content-lg-center justify-content-md-center justify-content-center align-items-lg-stretch align-items-md-stretch align-items-stretch gutters-col-lg-2 gutters-col-md-2 gutters-col-0 gutters-col-v-lg-2 gutters-col-v-md-2 gutters-col-v-2\">\n          <!---->\n          <div class=\"h-column h-column-container d-flex h-col-lg-auto h-col-md-auto h-col-auto style-2392-outer style-local-1160-c10-outer\">\n            <div data-colibri-id=\"1160-c10\" class=\"d-flex h-flex-basis h-column__inner h-px-lg-2 h-px-md-2 h-px-2 v-inner-lg-2 v-inner-md-2 v-inner-2 style-2392 style-local-1160-c10 position-relative\">\n              <!---->\n              <!---->\n              <div class=\"w-100 h-y-container h-column__content h-column__v-align flex-basis-100 align-self-lg-start align-self-md-start align-self-start\">\n                <!---->\n                <div data-colibri-id=\"1160-c11\" class=\"d-block style-2395 style-local-1160-c11 position-relative h-element\">\n                  <!---->\n                  <div class=\"h-image__frame-container-outer\">\n                    <div class=\"h-image__frame-container\">\n                      <!---->\n                      <!---->\n                      <img loading=\"lazy\" decoding=\"async\" width=\"600\" height=\"400\" src=\"https:\/\/omusica.fr\/wp-content\/uploads\/2024\/08\/repetition-O-Muscia.png\" class=\"wp-image-5081 style-2395-image style-local-1160-c11-image\" alt=\"r\u00e9p\u00e9tition O Musica\" srcset=\"https:\/\/omusica.fr\/wp-content\/uploads\/2024\/08\/repetition-O-Muscia.png 600w, https:\/\/omusica.fr\/wp-content\/uploads\/2024\/08\/repetition-O-Muscia-300x200.png 300w\" sizes=\"auto, (max-width: 600px) 100vw, 600px\" \/>\n                      <div class=\"h-image__frame h-hide-lg h-hide-md h-hide-sm style-2395-frameImage style-local-1160-c11-frameImage\"><\/div>\n                    <\/div>\n                  <\/div>\n                <\/div>\n              <\/div>\n            <\/div>\n          <\/div>\n          <div class=\"h-column h-column-container d-flex h-col-lg-auto h-col-md-auto h-col-auto style-2393-outer style-local-1160-c12-outer\">\n            <div data-colibri-id=\"1160-c12\" class=\"d-flex h-flex-basis h-column__inner h-px-lg-2 h-px-md-2 h-px-2 v-inner-lg-2 v-inner-md-2 v-inner-2 style-2393 style-local-1160-c12 position-relative\">\n              <!---->\n              <!---->\n              <div class=\"w-100 h-y-container h-column__content h-column__v-align flex-basis-100 align-self-lg-start align-self-md-start align-self-start\">\n                <!---->\n                <div data-colibri-id=\"1160-c13\" class=\"h-text h-text-component style-2394 style-local-1160-c13 position-relative h-element\">\n                  <!---->\n                  <!---->\n                  <div class=\"\">\n                    <p>Apr\u00e8s une belle saison consacr\u00e9e \u00e0 Mozart (au programme : la Messe en ut et les V\u00eapres solennelles) en collaboration avec nos amis choristes de Plein Chant, nous travaillerons cette ann\u00e9e&nbsp;<strong>des \u0153uvres romantiques<\/strong>&nbsp;de\n                      Brahms, Bartok, Delibes, Berlioz, Faur\u00e9, Saint-Sa\u00ebns, Mendelssohn\u2026 accompagn\u00e9es au piano.&nbsp;<\/p>\n                    <p>Notez d\u00e8s \u00e0 pr\u00e9sent la date de notre concert caritatif le dimanche 22 mars \u00e0 15h30 \u00e0 l&#8217;\u00e9glise Sainte-Pauline au V\u00e9sinet.<\/p>\n                  <\/div>\n                <\/div>\n              <\/div>\n            <\/div>\n          <\/div>\n        <\/div>\n      <\/div>\n      <div data-colibri-id=\"1160-c14\" class=\"h-row-container gutters-row-lg-0 gutters-row-md-0 gutters-row-0 gutters-row-v-lg-0 gutters-row-v-md-0 gutters-row-v-0 style-2401 style-local-1160-c14 position-relative\">\n        <!---->\n        <div class=\"h-row justify-content-lg-center justify-content-md-center justify-content-center align-items-lg-stretch align-items-md-stretch align-items-stretch gutters-col-lg-0 gutters-col-md-0 gutters-col-0 gutters-col-v-lg-0 gutters-col-v-md-0 gutters-col-v-0\">\n          <!---->\n          <div class=\"h-column h-column-container d-flex h-col-lg-auto h-col-md-auto h-col-auto style-2402-outer style-local-1160-c15-outer\">\n            <div data-colibri-id=\"1160-c15\" class=\"d-flex h-flex-basis h-column__inner h-px-lg-0 h-px-md-0 h-px-0 v-inner-lg-0 v-inner-md-0 v-inner-0 style-2402 style-local-1160-c15 position-relative\">\n              <!---->\n              <!---->\n              <div class=\"w-100 h-y-container h-column__content h-column__v-align flex-basis-100 align-self-lg-start align-self-md-start align-self-start\">\n                <!---->\n                <div data-colibri-id=\"1160-c16\" class=\"h-divider style-2365 style-local-1160-c16 position-relative h-element\">\n                  <!----><span class=\"h-divider__line style-2365-line style-local-1160-c16-line style-2365-line style-local-1160-c16-line\"><\/span><\/div>\n              <\/div>\n            <\/div>\n          <\/div>\n        <\/div>\n      <\/div>\n    <\/div>\n  <\/div>\n  <div data-colibri-component=\"section\" data-colibri-id=\"1160-c17\" id=\"custom-3\" class=\"h-section h-section-global-spacing d-flex align-items-lg-center align-items-md-center align-items-center style-2396 style-local-1160-c17 position-relative\">\n    <!---->\n    <!---->\n    <div class=\"h-section-grid-container h-section-boxed-container\">\n      <!---->\n      <div data-colibri-id=\"1160-c18\" class=\"h-row-container gutters-row-lg-2 gutters-row-md-2 gutters-row-0 gutters-row-v-lg-2 gutters-row-v-md-2 gutters-row-v-2 style-2403 style-local-1160-c18 position-relative\">\n        <!---->\n        <div class=\"h-row justify-content-lg-center justify-content-md-center justify-content-center align-items-lg-stretch align-items-md-stretch align-items-stretch gutters-col-lg-2 gutters-col-md-2 gutters-col-0 gutters-col-v-lg-2 gutters-col-v-md-2 gutters-col-v-2\">\n          <!---->\n          <div class=\"h-column h-column-container d-flex h-col-lg-auto h-col-md-auto h-col-auto style-2404-outer style-local-1160-c19-outer\">\n            <div data-colibri-id=\"1160-c19\" class=\"d-flex h-flex-basis h-column__inner h-px-lg-2 h-px-md-2 h-px-2 v-inner-lg-2 v-inner-md-2 v-inner-2 style-2404 style-local-1160-c19 position-relative\">\n              <!---->\n              <!---->\n              <div class=\"w-100 h-y-container h-column__content h-column__v-align flex-basis-100 align-self-lg-start align-self-md-start align-self-start\">\n                <!---->\n                <div data-colibri-id=\"1160-c20\" class=\"h-global-transition-all h-heading style-2367 style-local-1160-c20 position-relative h-element\">\n                  <!---->\n                  <div class=\"h-heading__outer style-2367 style-local-1160-c20\">\n                    <!---->\n                    <!---->\n                    <h2 class=\"\">Rentr\u00e9e le mercredi 10 septembre 2025<\/h2>\n                  <\/div>\n                <\/div>\n              <\/div>\n            <\/div>\n          <\/div>\n        <\/div>\n      <\/div>\n      <div data-colibri-id=\"1160-c21\" class=\"h-row-container gutters-row-lg-2 gutters-row-md-2 gutters-row-0 gutters-row-v-lg-2 gutters-row-v-md-2 gutters-row-v-2 style-2397 style-local-1160-c21 position-relative\">\n        <!---->\n        <div class=\"h-row justify-content-lg-center justify-content-md-center justify-content-center align-items-lg-stretch align-items-md-stretch align-items-stretch gutters-col-lg-2 gutters-col-md-2 gutters-col-0 gutters-col-v-lg-2 gutters-col-v-md-2 gutters-col-v-2\">\n          <!---->\n          <div class=\"h-column h-column-container d-flex h-col-lg-auto h-col-md-auto h-col-auto style-2398-outer style-local-1160-c22-outer\">\n            <div data-colibri-id=\"1160-c22\" class=\"d-flex h-flex-basis h-column__inner h-px-lg-2 h-px-md-2 h-px-2 v-inner-lg-2 v-inner-md-2 v-inner-2 style-2398 style-local-1160-c22 position-relative\">\n              <!---->\n              <!---->\n              <div class=\"w-100 h-y-container h-column__content h-column__v-align flex-basis-100 align-self-lg-start align-self-md-start align-self-start\">\n                <!---->\n                <div data-colibri-id=\"1160-c23\" class=\"d-block style-2400 style-local-1160-c23 position-relative h-element\">\n                  <!---->\n                  <div class=\"h-image__frame-container-outer\">\n                    <div class=\"h-image__frame-container\">\n                      <!---->\n                      <!---->\n                      <img loading=\"lazy\" decoding=\"async\" width=\"600\" height=\"400\" src=\"https:\/\/omusica.fr\/wp-content\/uploads\/2024\/08\/Rentree-O-Musica-Mozart.png\" class=\"wp-image-5082 style-2400-image style-local-1160-c23-image\" alt=\"Rentr\u00e9e O Musica Mozart\" srcset=\"https:\/\/omusica.fr\/wp-content\/uploads\/2024\/08\/Rentree-O-Musica-Mozart.png 600w, https:\/\/omusica.fr\/wp-content\/uploads\/2024\/08\/Rentree-O-Musica-Mozart-300x200.png 300w\" sizes=\"auto, (max-width: 600px) 100vw, 600px\" \/>\n                      <div class=\"h-image__frame h-hide-lg h-hide-md h-hide-sm style-2400-frameImage style-local-1160-c23-frameImage\"><\/div>\n                    <\/div>\n                  <\/div>\n                <\/div>\n              <\/div>\n            <\/div>\n          <\/div>\n          <div class=\"h-column h-column-container d-flex h-col-lg-auto h-col-md-auto h-col-auto style-2399-outer style-local-1160-c24-outer\">\n            <div data-colibri-id=\"1160-c24\" class=\"d-flex h-flex-basis h-column__inner h-px-lg-2 h-px-md-2 h-px-2 v-inner-lg-2 v-inner-md-2 v-inner-2 style-2399 style-local-1160-c24 position-relative\">\n              <!---->\n              <!---->\n              <div class=\"w-100 h-y-container h-column__content h-column__v-align flex-basis-100 align-self-lg-start align-self-md-start align-self-start\">\n                <!---->\n                <div data-colibri-id=\"1160-c25\" class=\"h-text h-text-component style-2368 style-local-1160-c25 position-relative h-element\">\n                  <!---->\n                  <!---->\n                  <div class=\"\">\n                    <p>Nos r\u00e9p\u00e9titions reprendront le <strong>mercredi 10 septembre<\/strong> de 20h45 \u00e0 22h45, salle Pasteur, au conservatoire Georges Bizet au V\u00e9sinet.&nbsp;\n                      <br>Les nouveaux choristes y sont les bienvenus.<\/p>\n                  <\/div>\n                <\/div>\n              <\/div>\n            <\/div>\n          <\/div>\n        <\/div>\n      <\/div>\n    <\/div>\n  <\/div>\n<\/div>","protected":false},"excerpt":{"rendered":"<p>Actualit\u00e9s \u00e0 la Une Une nouvelle saison Apr\u00e8s une belle saison consacr\u00e9e \u00e0 Mozart (au programme : la Messe en ut et les V\u00eapres solennelles) en collaboration avec nos amis choristes de Plein Chant, nous travaillerons cette ann\u00e9e&nbsp;des \u0153uvres romantiques&nbsp;de Brahms, Bartok, Delibes, Berlioz, Faur\u00e9, Saint-Sa\u00ebns, Mendelssohn\u2026 accompagn\u00e9es au piano.&nbsp; Notez d\u00e8s \u00e0 pr\u00e9sent la [&hellip;]<\/p>\n","protected":false},"author":3,"featured_media":0,"parent":1158,"menu_order":0,"comment_status":"closed","ping_status":"closed","template":"page-templates\/full-width-page.php","meta":{"_monsterinsights_skip_tracking":false,"_monsterinsights_sitenote_active":false,"_monsterinsights_sitenote_note":"","_monsterinsights_sitenote_category":0,"footnotes":""},"class_list":["post-1160","page","type-page","status-publish","hentry"],"aioseo_notices":[],"_links":{"self":[{"href":"https:\/\/omusica.fr\/index.php?rest_route=\/wp\/v2\/pages\/1160","targetHints":{"allow":["GET"]}}],"collection":[{"href":"https:\/\/omusica.fr\/index.php?rest_route=\/wp\/v2\/pages"}],"about":[{"href":"https:\/\/omusica.fr\/index.php?rest_route=\/wp\/v2\/types\/page"}],"author":[{"embeddable":true,"href":"https:\/\/omusica.fr\/index.php?rest_route=\/wp\/v2\/users\/3"}],"replies":[{"embeddable":true,"href":"https:\/\/omusica.fr\/index.php?rest_route=%2Fwp%2Fv2%2Fcomments&post=1160"}],"version-history":[{"count":21,"href":"https:\/\/omusica.fr\/index.php?rest_route=\/wp\/v2\/pages\/1160\/revisions"}],"predecessor-version":[{"id":6246,"href":"https:\/\/omusica.fr\/index.php?rest_route=\/wp\/v2\/pages\/1160\/revisions\/6246"}],"up":[{"embeddable":true,"href":"https:\/\/omusica.fr\/index.php?rest_route=\/wp\/v2\/pages\/1158"}],"wp:attachment":[{"href":"https:\/\/omusica.fr\/index.php?rest_route=%2Fwp%2Fv2%2Fmedia&parent=1160"}],"curies":[{"name":"wp","href":"https:\/\/api.w.org\/{rel}","templated":true}]}}